{"id":278,"date":"2018-09-25T08:44:19","date_gmt":"2018-09-25T06:44:19","guid":{"rendered":"https:\/\/www.mnmz.de\/inland\/?page_id=278"},"modified":"2022-12-22T21:29:26","modified_gmt":"2022-12-22T20:29:26","slug":"impressum","status":"publish","type":"page","link":"https:\/\/www.inland-saddlery.com\/en\/impressum\/","title":{"rendered":"Impressum"},"content":{"rendered":"<p><strong>Angaben gem\u00e4\u00df \u00a7 5 TMG:<\/strong><\/p>\n<p>INLAND Saddlery<br \/>\nLudwig-Hupfeld-Stra\u00dfe 16, 04178 Leipzig<\/p>\n<p>USt-IdNr. DE354500573<\/p>\n<p><strong>Vertreten durch:<\/strong><br \/>\nDaniel Suchefort<\/p>\n<p><strong>Kontakt:<\/strong><br \/>\nTelefon: +49 1577 6825214<br \/>\nE-Mail: hello@inland-saddlery.com<\/p>\n<p><strong>Verantwortlich f\u00fcr den Inhalt nach \u00a7 55 Abs. 2 RStV:<\/strong><br \/>\nDaniel Suchefort<\/p>\n<p><strong>Realisierung der Internetpr\u00e4senz:<\/strong><br \/>\n<a href=\"https:\/\/www.zitronengrau.design\">Zitronengrau Markenagentur<\/a><\/p>\n<p><strong>Fotos:<\/strong><br \/>\n<a href=\"https:\/\/www.zitronengrau.design\">Zitronengrau Markenagentur<\/a><br \/>\n<a href=\"http:\/\/www.sf-mediarevolutions.com\">SF Media Revolutions<\/a><br \/>\n<a href=\"https:\/\/annabelle-sagt.de\">annabelle sagt<\/a><\/p>\n<p><strong>Haftung f\u00fcr Inhalte<\/strong><br \/>\nAls Diensteanbieter sind wir gem\u00e4\u00df \u00a7 7 Abs.1 TMG f\u00fcr eigene Inhalte auf diesen Seiten nach den allgemeinen Gesetzen verantwortlich. Nach \u00a7\u00a7 8 bis 10 TMG sind wir als Diensteanbieter jedoch nicht verpflichtet, \u00fcbermittelte oder gespeicherte fremde Informationen zu \u00fcberwachen oder nach Umst\u00e4nden zu forschen, die auf eine rechtswidrige T\u00e4tigkeit hinweisen. Verpflichtungen zur Entfernung oder Sperrung der Nutzung von Informationen nach den allgemeinen Gesetzen bleiben hiervon unber\u00fchrt. Eine diesbez\u00fcgliche Haftung ist jedoch erst ab dem Zeitpunkt der Kenntnis einer konkreten Rechtsverletzung m\u00f6glich. Bei Bekanntwerden von entsprechenden Rechtsverletzungen werden wir diese Inhalte umgehend entfernen.<\/p>\n<p><strong>Haftung f\u00fcr Links<\/strong><br \/>\nUnser Angebot enth\u00e4lt Links zu externen Webseiten Dritter, auf deren Inhalte wir keinen Einfluss haben. Deshalb k\u00f6nnen wir f\u00fcr diese fremden Inhalte auch keine Gew\u00e4hr \u00fcbernehmen. F\u00fcr die Inhalte der verlinkten Seiten ist stets der jeweilige Anbieter oder Betreiber der Seiten verantwortlich. Die verlinkten Seiten wurden zum Zeitpunkt der Verlinkung auf m\u00f6gliche Rechtsverst\u00f6\u00dfe \u00fcberpr\u00fcft. Rechtswidrige Inhalte waren zum Zeitpunkt der Verlinkung nicht erkennbar. Eine permanente inhaltliche Kontrolle der verlinkten Seiten ist jedoch ohne konkrete Anhaltspunkte einer Rechtsverletzung nicht zumutbar. Bei Bekanntwerden von Rechtsverletzungen werden wir derartige Links umgehend entfernen.<\/p>\n<p><strong>Urheberrecht<\/strong><br \/>\nDie durch die Seitenbetreiber erstellten Inhalte und Werke auf diesen Seiten unterliegen dem deutschen Urheberrecht. Die Vervielf\u00e4ltigung, Bearbeitung, Verbreitung und jede Art der Verwertung au\u00dferhalb der Grenzen des Urheberrechtes bed\u00fcrfen der schriftlichen Zustimmung des jeweiligen Autors bzw. Erstellers. Downloads und Kopien dieser Seite sind nur f\u00fcr den privaten, nicht kommerziellen Gebrauch gestattet. Soweit die Inhalte auf dieser Seite nicht vom Betreiber erstellt wurden, werden die Urheberrechte Dritter beachtet. Insbesondere werden Inhalte Dritter als solche gekennzeichnet. Sollten Sie trotzdem auf eine Urheberrechtsverletzung aufmerksam werden, bitten wir um einen entsprechenden Hinweis. Bei Bekanntwerden von Rechtsverletzungen werden wir derartige Inhalte umgehend entfernen.<\/p>","protected":false},"excerpt":{"rendered":"<p>Angaben gem\u00e4\u00df \u00a7 5 TMG: INLAND Saddlery Ludwig-Hupfeld-Stra\u00dfe 16, 04178 Leipzig USt-IdNr. DE354500573 Vertreten durch: Daniel Suchefort Kontakt: Telefon: +49 1577 6825214 E-Mail: hello@inland-saddlery.com Verantwortlich f\u00fcr den Inhalt nach \u00a7 55 Abs. 2 RStV: Daniel Suchefort Realisierung der Internetpr\u00e4senz: Zitronengrau Markenagentur Fotos: Zitronengrau Markenagentur SF Media Revolutions annabelle sagt Haftung f\u00fcr Inhalte Als Diensteanbieter sind [&hellip;]<\/p>\n","protected":false},"author":1,"featured_media":0,"parent":0,"menu_order":0,"comment_status":"closed","ping_status":"closed","template":"","meta":{"_acf_changed":false,"footnotes":""},"class_list":["post-278","page","type-page","status-publish","hentry"],"acf":[],"yoast_head":"<!-- This site is optimized with the Yoast SEO Premium plugin v24.2 (Yoast SEO v27.5) - https:\/\/yoast.com\/product\/yoast-seo-premium-wordpress\/ -->\n<title>Wanderreiten \/\/ Impressum \/\/ INLAND Saddlery - handmade in germany<\/title>\n<meta name=\"description\" content=\"Angaben gem\u00e4\u00df \u00a7 5 TMG: INLAND Saddlery, Ludwig-Hupfeld-Stra\u00dfe 16, 04178 Leipzig. Vertreten durch: Daniel Suchefort\" \/>\n<meta name=\"robots\" content=\"index, follow, max-snippet:-1, max-image-preview:large, max-video-preview:-1\" \/>\n<link rel=\"canonical\" href=\"https:\/\/www.inland-saddlery.com\/en\/impressum\/\" \/>\n<meta property=\"og:locale\" content=\"en_US\" \/>\n<meta property=\"og:type\" content=\"article\" \/>\n<meta property=\"og:title\" content=\"Impressum\" \/>\n<meta property=\"og:description\" content=\"Angaben gem\u00e4\u00df \u00a7 5 TMG: INLAND Saddlery, Ludwig-Hupfeld-Stra\u00dfe 16, 04178 Leipzig. Vertreten durch: Daniel Suchefort\" \/>\n<meta property=\"og:url\" content=\"https:\/\/www.inland-saddlery.com\/en\/impressum\/\" \/>\n<meta property=\"og:site_name\" content=\"INLAND Saddlery\" \/>\n<meta property=\"article:publisher\" content=\"https:\/\/www.facebook.com\/inlandsaddlery\" \/>\n<meta property=\"article:modified_time\" content=\"2022-12-22T20:29:26+00:00\" \/>\n<meta property=\"og:image\" content=\"https:\/\/www.inland-saddlery.com\/wp-content\/uploads\/2018\/10\/tablet_home.jpg\" \/>\n\t<meta property=\"og:image:width\" content=\"768\" \/>\n\t<meta property=\"og:image:height\" content=\"1024\" \/>\n\t<meta property=\"og:image:type\" content=\"image\/jpeg\" \/>\n<meta name=\"twitter:card\" content=\"summary_large_image\" \/>\n<meta name=\"twitter:label1\" content=\"Est. reading time\" \/>\n\t<meta name=\"twitter:data1\" content=\"2 minutes\" \/>\n<script type=\"application\/ld+json\" class=\"yoast-schema-graph\">{\"@context\":\"https:\\\/\\\/schema.org\",\"@graph\":[{\"@type\":\"WebPage\",\"@id\":\"https:\\\/\\\/www.inland-saddlery.com\\\/en\\\/impressum\\\/\",\"url\":\"https:\\\/\\\/www.inland-saddlery.com\\\/en\\\/impressum\\\/\",\"name\":\"Wanderreiten \\\/\\\/ Impressum \\\/\\\/ INLAND Saddlery - handmade in germany\",\"isPartOf\":{\"@id\":\"https:\\\/\\\/www.inland-saddlery.com\\\/en\\\/#website\"},\"datePublished\":\"2018-09-25T06:44:19+00:00\",\"dateModified\":\"2022-12-22T20:29:26+00:00\",\"description\":\"Angaben gem\u00e4\u00df \u00a7 5 TMG: INLAND Saddlery, Ludwig-Hupfeld-Stra\u00dfe 16, 04178 Leipzig. Vertreten durch: Daniel Suchefort\",\"breadcrumb\":{\"@id\":\"https:\\\/\\\/www.inland-saddlery.com\\\/en\\\/impressum\\\/#breadcrumb\"},\"inLanguage\":\"en-US\",\"potentialAction\":[{\"@type\":\"ReadAction\",\"target\":[[\"https:\\\/\\\/www.inland-saddlery.com\\\/en\\\/impressum\\\/\"]]}]},{\"@type\":\"BreadcrumbList\",\"@id\":\"https:\\\/\\\/www.inland-saddlery.com\\\/en\\\/impressum\\\/#breadcrumb\",\"itemListElement\":[{\"@type\":\"ListItem\",\"position\":1,\"name\":\"Startseite\",\"item\":\"https:\\\/\\\/www.inland-saddlery.com\\\/en\\\/\"},{\"@type\":\"ListItem\",\"position\":2,\"name\":\"Impressum\"}]},{\"@type\":\"WebSite\",\"@id\":\"https:\\\/\\\/www.inland-saddlery.com\\\/en\\\/#website\",\"url\":\"https:\\\/\\\/www.inland-saddlery.com\\\/en\\\/\",\"name\":\"INLAND Saddlery\",\"description\":\"Trailriding \\\/\\\/ Saddle \\\/\\\/ Saddlebags \\\/\\\/ Accessoires\",\"publisher\":{\"@id\":\"https:\\\/\\\/www.inland-saddlery.com\\\/en\\\/#organization\"},\"alternateName\":\"Sattlerei f\u00fcr Wanderreiten\",\"potentialAction\":[{\"@type\":\"SearchAction\",\"target\":{\"@type\":\"EntryPoint\",\"urlTemplate\":\"https:\\\/\\\/www.inland-saddlery.com\\\/en\\\/?s={search_term_string}\"},\"query-input\":{\"@type\":\"PropertyValueSpecification\",\"valueRequired\":true,\"valueName\":\"search_term_string\"}}],\"inLanguage\":\"en-US\"},{\"@type\":\"Organization\",\"@id\":\"https:\\\/\\\/www.inland-saddlery.com\\\/en\\\/#organization\",\"name\":\"INLAND Saddlery\",\"alternateName\":\"INLAND Packtaschen, Packsattel & Zubeh\u00f6r\",\"url\":\"https:\\\/\\\/www.inland-saddlery.com\\\/en\\\/\",\"logo\":{\"@type\":\"ImageObject\",\"inLanguage\":\"en-US\",\"@id\":\"https:\\\/\\\/www.inland-saddlery.com\\\/en\\\/#\\\/schema\\\/logo\\\/image\\\/\",\"url\":\"https:\\\/\\\/www.inland-saddlery.com\\\/wp-content\\\/uploads\\\/2018\\\/10\\\/tablet_home.jpg\",\"contentUrl\":\"https:\\\/\\\/www.inland-saddlery.com\\\/wp-content\\\/uploads\\\/2018\\\/10\\\/tablet_home.jpg\",\"width\":768,\"height\":1024,\"caption\":\"INLAND Saddlery\"},\"image\":{\"@id\":\"https:\\\/\\\/www.inland-saddlery.com\\\/en\\\/#\\\/schema\\\/logo\\\/image\\\/\"},\"sameAs\":[\"https:\\\/\\\/www.facebook.com\\\/inlandsaddlery\",\"http:\\\/\\\/instagram.com\\\/inlandsaddlery\"]}]}<\/script>\n<!-- \/ Yoast SEO Premium plugin. -->","yoast_head_json":{"title":"Wanderreiten \/\/ Impressum \/\/ INLAND Saddlery - handmade in germany","description":"Angaben gem\u00e4\u00df \u00a7 5 TMG: INLAND Saddlery, Ludwig-Hupfeld-Stra\u00dfe 16, 04178 Leipzig. Vertreten durch: Daniel Suchefort","robots":{"index":"index","follow":"follow","max-snippet":"max-snippet:-1","max-image-preview":"max-image-preview:large","max-video-preview":"max-video-preview:-1"},"canonical":"https:\/\/www.inland-saddlery.com\/en\/impressum\/","og_locale":"en_US","og_type":"article","og_title":"Impressum","og_description":"Angaben gem\u00e4\u00df \u00a7 5 TMG: INLAND Saddlery, Ludwig-Hupfeld-Stra\u00dfe 16, 04178 Leipzig. Vertreten durch: Daniel Suchefort","og_url":"https:\/\/www.inland-saddlery.com\/en\/impressum\/","og_site_name":"INLAND Saddlery","article_publisher":"https:\/\/www.facebook.com\/inlandsaddlery","article_modified_time":"2022-12-22T20:29:26+00:00","og_image":[{"width":768,"height":1024,"url":"https:\/\/www.inland-saddlery.com\/wp-content\/uploads\/2018\/10\/tablet_home.jpg","type":"image\/jpeg"}],"twitter_card":"summary_large_image","twitter_misc":{"Est. reading time":"2 minutes"},"schema":{"@context":"https:\/\/schema.org","@graph":[{"@type":"WebPage","@id":"https:\/\/www.inland-saddlery.com\/en\/impressum\/","url":"https:\/\/www.inland-saddlery.com\/en\/impressum\/","name":"Wanderreiten \/\/ Impressum \/\/ INLAND Saddlery - handmade in germany","isPartOf":{"@id":"https:\/\/www.inland-saddlery.com\/en\/#website"},"datePublished":"2018-09-25T06:44:19+00:00","dateModified":"2022-12-22T20:29:26+00:00","description":"Angaben gem\u00e4\u00df \u00a7 5 TMG: INLAND Saddlery, Ludwig-Hupfeld-Stra\u00dfe 16, 04178 Leipzig. Vertreten durch: Daniel Suchefort","breadcrumb":{"@id":"https:\/\/www.inland-saddlery.com\/en\/impressum\/#breadcrumb"},"inLanguage":"en-US","potentialAction":[{"@type":"ReadAction","target":[["https:\/\/www.inland-saddlery.com\/en\/impressum\/"]]}]},{"@type":"BreadcrumbList","@id":"https:\/\/www.inland-saddlery.com\/en\/impressum\/#breadcrumb","itemListElement":[{"@type":"ListItem","position":1,"name":"Startseite","item":"https:\/\/www.inland-saddlery.com\/en\/"},{"@type":"ListItem","position":2,"name":"Impressum"}]},{"@type":"WebSite","@id":"https:\/\/www.inland-saddlery.com\/en\/#website","url":"https:\/\/www.inland-saddlery.com\/en\/","name":"INLAND Saddlery","description":"Trailriding \/\/ Saddle \/\/ Saddlebags \/\/ Accessoires","publisher":{"@id":"https:\/\/www.inland-saddlery.com\/en\/#organization"},"alternateName":"Sattlerei f\u00fcr Wanderreiten","potentialAction":[{"@type":"SearchAction","target":{"@type":"EntryPoint","urlTemplate":"https:\/\/www.inland-saddlery.com\/en\/?s={search_term_string}"},"query-input":{"@type":"PropertyValueSpecification","valueRequired":true,"valueName":"search_term_string"}}],"inLanguage":"en-US"},{"@type":"Organization","@id":"https:\/\/www.inland-saddlery.com\/en\/#organization","name":"INLAND Saddlery","alternateName":"INLAND Packtaschen, Packsattel & Zubeh\u00f6r","url":"https:\/\/www.inland-saddlery.com\/en\/","logo":{"@type":"ImageObject","inLanguage":"en-US","@id":"https:\/\/www.inland-saddlery.com\/en\/#\/schema\/logo\/image\/","url":"https:\/\/www.inland-saddlery.com\/wp-content\/uploads\/2018\/10\/tablet_home.jpg","contentUrl":"https:\/\/www.inland-saddlery.com\/wp-content\/uploads\/2018\/10\/tablet_home.jpg","width":768,"height":1024,"caption":"INLAND Saddlery"},"image":{"@id":"https:\/\/www.inland-saddlery.com\/en\/#\/schema\/logo\/image\/"},"sameAs":["https:\/\/www.facebook.com\/inlandsaddlery","http:\/\/instagram.com\/inlandsaddlery"]}]}},"_links":{"self":[{"href":"https:\/\/www.inland-saddlery.com\/en\/wp-json\/wp\/v2\/pages\/278","targetHints":{"allow":["GET"]}}],"collection":[{"href":"https:\/\/www.inland-saddlery.com\/en\/wp-json\/wp\/v2\/pages"}],"about":[{"href":"https:\/\/www.inland-saddlery.com\/en\/wp-json\/wp\/v2\/types\/page"}],"author":[{"embeddable":true,"href":"https:\/\/www.inland-saddlery.com\/en\/wp-json\/wp\/v2\/users\/1"}],"replies":[{"embeddable":true,"href":"https:\/\/www.inland-saddlery.com\/en\/wp-json\/wp\/v2\/comments?post=278"}],"version-history":[{"count":4,"href":"https:\/\/www.inland-saddlery.com\/en\/wp-json\/wp\/v2\/pages\/278\/revisions"}],"predecessor-version":[{"id":1922,"href":"https:\/\/www.inland-saddlery.com\/en\/wp-json\/wp\/v2\/pages\/278\/revisions\/1922"}],"wp:attachment":[{"href":"https:\/\/www.inland-saddlery.com\/en\/wp-json\/wp\/v2\/media?parent=278"}],"curies":[{"name":"wp","href":"https:\/\/api.w.org\/{rel}","templated":true}]}}