{"id":280,"date":"2018-09-25T08:44:29","date_gmt":"2018-09-25T06:44:29","guid":{"rendered":"https:\/\/www.mnmz.de\/inland\/?page_id=280"},"modified":"2025-02-03T22:05:30","modified_gmt":"2025-02-03T21:05:30","slug":"datenschutz","status":"publish","type":"page","link":"https:\/\/www.inland-saddlery.com\/en\/datenschutz\/","title":{"rendered":"Datenschutz"},"content":{"rendered":"<p>Verantwortlich im Sinne der Datenschutzgesetzes:<\/p>\n<p>Daniel Suchefort<br \/>\nINLAND Saddlery<br \/>\nLudwig-Hupfeld-Stra\u00dfe 16, 04178 Leipzig<\/p>\n<p><strong>Erfassung von Daten<\/strong><\/p>\n<p>W\u00e4hrend Sie auf unsere Webseiten zugreifen, erfassen wir automatisch Daten von allgemeiner Natur. Diese Daten (Server-Logfiles) umfassen zum Beispiel die Art ihres Browsers, ihr Betriebssystem, den Domainnamen Ihres Internetanbieters sowie weitere \u00e4hnliche allgemeine Daten. Diese Daten sind absolut Personen unabh\u00e4ngig und werden genutzt, um Ihnen die Webseiten korrekt darzustellen und werden bei jeder Nutzung des Internets abgerufen. Die absolut anonymen Daten werden statistisch ausgewertet um unseren Service f\u00fcr Sie zu verbessern.<\/p>\n<p><strong>Kontaktformular<\/strong><\/p>\n<p>Wenn Sie uns \u00fcber unsere Kontaktseite kontaktieren oder uns eine E-Mail schicken werden die entsprechenden Daten zur Bearbeitung gespeichert.<\/p>\n<p><strong>L\u00f6schung oder Sperrung von Daten<\/strong><\/p>\n<p>Ihre pers\u00f6nlichen Daten werden nur so lange gespeichert, wie dies absolut notwendig ist um die angegebenen Dienste zu leisten und es vom Gesetz vorgeschrieben ist. Nach Ablauf dieser Fristen werden die pers\u00f6nlichen Daten der Nutzer regelm\u00e4\u00dfig gesperrt oder gel\u00f6scht.<\/p>\n<p><strong>Google Analytics<\/strong><\/p>\n<p>Unsere Webseite nutzt Google Analytics, den Webanalysedienst der Google Inc. (\u201eGoogle\u201c). Google Analytics nutzt \u201eCookies\u201c, kleine Textdateien, die auf Ihrem Rechner gespeichert werden und Daten zur Nutzung unserer Webseite speichern. Die vom Cookie erzeugten Daten \u00fcber die Nutzung unserer Webseite werden an einen Google Server in die USA \u00fcbertragen und gespeichert. Da auf unseren Webseiten eine IP-Anonymisierung aktiviert ist, wird Ihre IP-Adresse von Google gek\u00fcrzt. Dies gilt f\u00fcr Mitgliedstaaten der Europ\u00e4ischen Union und anderen Vertragsstaaten des Abkommens \u00fcber den Europ\u00e4ischen Wirtschaftsraum. In seltenen F\u00e4llen kann es vorkommen, dass die volle IP-Adresse an einen Google Server in den USA \u00fcbertragen und erst dort gek\u00fcrzt wird. Google nutzt diese Informationen um Ihre Nutzung unserer Webseite auszuwerten, um f\u00fcr uns Berichte \u00fcber die Nutzung der Webseite zusammenzustellen und um weitere statistische Daten zu erheben. Ihre IP-Adresse wird dabei niemals mit anderen auf Google gespeicherten Daten zusammengef\u00fchrt. Die Verwendung von Cookies kann durch eine Einstellung in ihrem Browser verboten werden; dies kann jedoch unter Umst\u00e4nden die Funktion unserer Webseite beeintr\u00e4chtigen. Mittels eines speziellen Zusatzprogramms f\u00fcr ihren Browser (Add On) k\u00f6nnen Sie die Sammlung von Daten durch Google Analytics desaktivieren<strong>.<\/strong><\/p>\n<p><strong>Social Plugins<\/strong><\/p>\n<p>Wir verwenden auf unserer Webseiten Social Plugins der im Folgenden aufgelisteten Anbieter. Plugins sind mit dem entsprechenden Logo gekennzeichnet.<\/p>\n<p>Der Dienstbetreiber kann unter Umst\u00e4nden durch solche Plugins Informationen und personenbezogene Daten unserer Besucher erhalten. Eine von uns installierte 2-Klick-L\u00f6sung verhindert die nicht offensichtliche Erfassung und \u00dcbertragung von Daten an den Dienstanbieter. Nur wenn ein Social Plugin von Ihnen per Klick aktiviert wird, wird die Sammlung von Informationen und deren Versand an den Dienstanbieter ausgel\u00f6st.<\/p>\n<p>Welche Daten ein solches Plugin erfasst sobald es aktiviert wurde, und wie diese anschlie\u00dfend verwendet werden, liegt au\u00dferhalb unseres Einflusses. In einigen F\u00e4llen werden direkte Verbindungen zu den Diensten des jeweiligen Anbieters erstellt und die IP-Adresse und spezifische Nutzungs-Informationen k\u00f6nnen dabei erfasst und genutzt werden. Dienstanbieter k\u00f6nnen auch versuchen, Cookies auf ihrem Rechner zu speichern. Wie diese Cookies arbeiten erfahren Sie in den Datenschutzhinweisen des entsprechenden Anbieters. Von Facebook k\u00f6nnen Sie als Besucher identifiziert werden, sofern sie aktuell in ihrem Facebook Account angemeldet sind.<\/p>\n<p>Social-Media-Buttons der folgenden Unternehmen sind auf unserer Webseite eingebunden:<\/p>\n<p>Google Plus\/Google Inc. (1600 Amphitheatre Parkway \u2013 Mountain View \u2013 CA 94043 \u2013 USA)<\/p>\n<p><strong>Cookies<\/strong><\/p>\n<p>Unsere Webseite verwendet \u201eCookies\u201c. Cookies sind Textdateien, die vom Server einer Webseite auf Ihren Rechner \u00fcbertragen werden. Bestimmte Daten wie IP-Adresse, Browser, Betriebssystem und Internet Verbindung werden dabei \u00fcbertragen.<\/p>\n<p>Cookies starten keine Programme und \u00fcbertragen keine Viren. Die durch Cookies gesammelten Informationen dienen dazu, Ihnen die Navigation zu erleichtern und die Anzeige unserer Webseiten zu optimieren.<\/p>\n<p>Daten, die von uns erfasst werden, werden niemals ohne Ihre Einwilligung an Daten an Dritte weitergegeben oder mit personenbezogenen Daten verkn\u00fcpft.<\/p>\n<p>Die Verwendung von Cookies kann \u00fcber Einstellungen in ihrem Browser verhindert werden. In den Erl\u00e4uterungen zu Ihrem Internetbrowsers finden Sie Informationen dar\u00fcber, wie man diese Einstellungen ver\u00e4ndern kann. Einzelne Funktionen unserer Website k\u00f6nnen unter Umst\u00e4nden nicht richtig funktionieren, wenn die Verwendung von Cookies desaktiviert ist.<\/p>\n<p><strong>Skalierbares Zentrales Messverfahren<\/strong><\/p>\n<p>F\u00fcr die Sammlung statistischer Kennwerte \u00fcber die Nutzung unserer Dienste nutzen wir das \u201eSkalierbare Zentrale Messverfahren\u201c (SZM) der INFOnline GmbH http:\/\/www.infonline.de)<\/p>\n<p>Dieses Verfahren erhebt anonyme Messwerte. Die SZM- Reichweitenmessung verwendet zur Wiedererkennung von Computersystemen entweder einen Cookie mit der Kennung \u201eioam.de\u201c, \u201eivwbox.de\u201c, ein LocalStorage Objekt oder eine Signatur, die aus verschiedenen \u00fcbertragenen Informationen Ihres Web-Browsers erstellt wird. IP-Adressen werden in anonymisierter Form genutzt.<\/p>\n<p>Bei der Reichweitenmessung wird der Datenschutz stets ber\u00fccksichtigt. Diese ermittelt statistisch die Nutzungsintensit\u00e4t und die Zahl der Nutzer einer Website. Dabei werden einzelne Nutzer nicht erkannt, die Identit\u00e4t bleibt stets gesch\u00fctzt. Das System versendet keine Werbung.<\/p>\n<p>Web-Angebote, die zur Informationsgemeinschaft zur Feststellung der Verbreitung von Werbetr\u00e4gern e.V. (IVW \u2013 http:\/\/www.ivw.eu) geh\u00f6ren oder an der Studie \u201einternet facts\u201c der Arbeitsgemeinschaft Online-Forschung e.V. (AGOF \u2013 www.agof.de) teilnehmen, werden die Nutzungsstatistiken monatlich von der AGOF und der Arbeitsgemeinschaft Media-Analyse e.V. (ag.ma \u2013 www.agma-mmc.de), sowie der IVW ver\u00f6ffentlicht und k\u00f6nnen unter http:\/\/www.agof.de, http:\/\/www.agma-mmc.de und http:\/\/www.ivw.eu eingesehen werden,\u00a0<a href=\"http:\/\/praktischelinks.de\" target=\"_blank\" rel=\"noopener noreferrer\">klick hier<\/a>. die IVW \u00fcberpr\u00fcft das SZM-Verfahren regelm\u00e4\u00dfig im Hinblick auf eine regel- und datenschutzkonforme Nutzung, au\u00dferdem werden die Messdaten ver\u00f6ffentlicht.<\/p>\n<p>Die Website der INFOnline GmbH https:\/\/www.infonline.de), die Datenschutzwebsite der AGOF (http:\/\/www.agof.de\/datenschutz) und die Datenschutzwebsite der IVW (http:\/\/www.ivw.eu) bieten detaillierte Informationen zum SZM-Verfahren.<\/p>\n<p>Sollten Sie der Datenverarbeitung durch das SZM nicht entsprechen, k\u00f6nnen Sie dies unter den folgenden Links kundtun: http:\/\/optout.ioam.de und http:\/\/optout.ivwbox.de<\/p>\n<p><strong>Auskunft, Berichtigung, Sperre, L\u00f6schung und Widerspruch<\/strong><\/p>\n<p>Sie k\u00f6nnen zu jedem Zeitpunkt Informationen \u00fcber Ihre bei uns gespeicherten Daten erbitten. Diese k\u00f6nnen auch berichtigt, gesperrt oder, sofern die vorgeschriebene Zeitr\u00e4ume der Datenspeicherung zur Gesch\u00e4ftsabwicklung abgelaufen sind, gel\u00f6scht werden. Unser Datenschutzmitarbeiter hilft Ihnen bei allen entsprechenden Fragen. Seine Kontaktdaten finden Sie weiter unten.<\/p>\n<p>Gesperrte Daten werden in einer speziellen Sperrdatei zu Kontrollzwecken verwahrt. Wenn die gesetzliche Archivierungsverpflichtung abgelaufen ist k\u00f6nnen Sie auch die L\u00f6schung der Daten verlangen. Innerhalb der Archivierungsverpflichtung k\u00f6nnen wir Ihre Daten auf Wunsch sperren.<\/p>\n<p>\u00c4nderungen oder Widerruf von Einwilligungen k\u00f6nnen durch eine Mitteilung an uns vorgenommen werden. Dies ist auch f\u00fcr zuk\u00fcnftige Aktionen m\u00f6glich.<\/p>\n<p><strong>\u00c4nderung der Datenschutzbestimmungen<\/strong><\/p>\n<p>Unsere Datenschutzerkl\u00e4rung k\u00f6nnen in unregelm\u00e4\u00dfigen Abst\u00e4nden angepasst werden, damit sie den aktuellen rechtlichen Anforderungen entsprechen oder um \u00c4nderungen unserer Dienstleistungen umzusetzen, z. B. bei der Einf\u00fcgung neuer Angebote. F\u00fcr Ihren n\u00e4chsten Besuch gilt dann automatisch die neue Datenschutzerkl\u00e4rung.<\/p>\n<p><strong>Kontakt zum Datenschutzmitarbeiter<\/strong><\/p>\n<p>F\u00fcr Fragen zum Datenschutz schicken Sie uns bitte eine Nachricht an hello@inland-saddlery.com mit dem Betreff \u201eDatenschutz\u201c.<\/p>\n<p>Diese Widerrufsbelehrung Seite wurde bei\u00a0<a href=\"https:\/\/datenschutzerkl\u00e4runggenerator.de\/\" target=\"_blank\" rel=\"noopener noreferrer\">datenschutzerkl\u00e4runggenerator.de<\/a>\u00a0erstellt.<\/p>","protected":false},"excerpt":{"rendered":"<p>Verantwortlich im Sinne der Datenschutzgesetzes: Daniel Suchefort INLAND Saddlery Ludwig-Hupfeld-Stra\u00dfe 16, 04178 Leipzig Erfassung von Daten W\u00e4hrend Sie auf unsere Webseiten zugreifen, erfassen wir automatisch Daten von allgemeiner Natur. Diese Daten (Server-Logfiles) umfassen zum Beispiel die Art ihres Browsers, ihr Betriebssystem, den Domainnamen Ihres Internetanbieters sowie weitere \u00e4hnliche allgemeine Daten. Diese Daten sind absolut Personen [&hellip;]<\/p>\n","protected":false},"author":1,"featured_media":0,"parent":0,"menu_order":0,"comment_status":"closed","ping_status":"closed","template":"","meta":{"_acf_changed":false,"footnotes":""},"class_list":["post-280","page","type-page","status-publish","hentry"],"acf":[],"yoast_head":"<!-- This site is optimized with the Yoast SEO Premium plugin v24.2 (Yoast SEO v27.4) - https:\/\/yoast.com\/product\/yoast-seo-premium-wordpress\/ -->\n<title>Datenschutz &#8226; INLAND Saddlery<\/title>\n<meta name=\"description\" content=\"Datenschutz, verantwortlich im Sinne der Datenschutzgesetzes: Daniel Suchefort, INLAND Saddlery, Ludwig-Hupfeld-Stra\u00dfe 16, 04178 Leipzig\" \/>\n<meta name=\"robots\" content=\"index, follow, max-snippet:-1, max-image-preview:large, max-video-preview:-1\" \/>\n<link rel=\"canonical\" href=\"https:\/\/www.inland-saddlery.com\/en\/datenschutz\/\" \/>\n<meta property=\"og:locale\" content=\"en_US\" \/>\n<meta property=\"og:type\" content=\"article\" \/>\n<meta property=\"og:title\" content=\"Datenschutz\" \/>\n<meta property=\"og:description\" content=\"Datenschutz, verantwortlich im Sinne der Datenschutzgesetzes: Daniel Suchefort, INLAND Saddlery, Ludwig-Hupfeld-Stra\u00dfe 16, 04178 Leipzig\" \/>\n<meta property=\"og:url\" content=\"https:\/\/www.inland-saddlery.com\/en\/datenschutz\/\" \/>\n<meta property=\"og:site_name\" content=\"INLAND Saddlery\" \/>\n<meta property=\"article:publisher\" content=\"https:\/\/www.facebook.com\/inlandsaddlery\" \/>\n<meta property=\"article:modified_time\" content=\"2025-02-03T21:05:30+00:00\" \/>\n<meta property=\"og:image\" content=\"https:\/\/www.inland-saddlery.com\/wp-content\/uploads\/2018\/10\/tablet_home.jpg\" \/>\n\t<meta property=\"og:image:width\" content=\"768\" \/>\n\t<meta property=\"og:image:height\" content=\"1024\" \/>\n\t<meta property=\"og:image:type\" content=\"image\/jpeg\" \/>\n<meta name=\"twitter:card\" content=\"summary_large_image\" \/>\n<meta name=\"twitter:label1\" content=\"Est. reading time\" \/>\n\t<meta name=\"twitter:data1\" content=\"7 minutes\" \/>\n<script type=\"application\/ld+json\" class=\"yoast-schema-graph\">{\"@context\":\"https:\\\/\\\/schema.org\",\"@graph\":[{\"@type\":\"WebPage\",\"@id\":\"https:\\\/\\\/www.inland-saddlery.com\\\/en\\\/datenschutz\\\/\",\"url\":\"https:\\\/\\\/www.inland-saddlery.com\\\/en\\\/datenschutz\\\/\",\"name\":\"Datenschutz &#8226; INLAND Saddlery\",\"isPartOf\":{\"@id\":\"https:\\\/\\\/www.inland-saddlery.com\\\/en\\\/#website\"},\"datePublished\":\"2018-09-25T06:44:29+00:00\",\"dateModified\":\"2025-02-03T21:05:30+00:00\",\"description\":\"Datenschutz, verantwortlich im Sinne der Datenschutzgesetzes: Daniel Suchefort, INLAND Saddlery, Ludwig-Hupfeld-Stra\u00dfe 16, 04178 Leipzig\",\"breadcrumb\":{\"@id\":\"https:\\\/\\\/www.inland-saddlery.com\\\/en\\\/datenschutz\\\/#breadcrumb\"},\"inLanguage\":\"en-US\",\"potentialAction\":[{\"@type\":\"ReadAction\",\"target\":[[\"https:\\\/\\\/www.inland-saddlery.com\\\/en\\\/datenschutz\\\/\"]]}]},{\"@type\":\"BreadcrumbList\",\"@id\":\"https:\\\/\\\/www.inland-saddlery.com\\\/en\\\/datenschutz\\\/#breadcrumb\",\"itemListElement\":[{\"@type\":\"ListItem\",\"position\":1,\"name\":\"Startseite\",\"item\":\"https:\\\/\\\/www.inland-saddlery.com\\\/en\\\/\"},{\"@type\":\"ListItem\",\"position\":2,\"name\":\"Datenschutz\"}]},{\"@type\":\"WebSite\",\"@id\":\"https:\\\/\\\/www.inland-saddlery.com\\\/en\\\/#website\",\"url\":\"https:\\\/\\\/www.inland-saddlery.com\\\/en\\\/\",\"name\":\"INLAND Saddlery\",\"description\":\"Trailriding \\\/\\\/ Saddle \\\/\\\/ Saddlebags \\\/\\\/ Accessoires\",\"publisher\":{\"@id\":\"https:\\\/\\\/www.inland-saddlery.com\\\/en\\\/#organization\"},\"alternateName\":\"Sattlerei f\u00fcr Wanderreiten\",\"potentialAction\":[{\"@type\":\"SearchAction\",\"target\":{\"@type\":\"EntryPoint\",\"urlTemplate\":\"https:\\\/\\\/www.inland-saddlery.com\\\/en\\\/?s={search_term_string}\"},\"query-input\":{\"@type\":\"PropertyValueSpecification\",\"valueRequired\":true,\"valueName\":\"search_term_string\"}}],\"inLanguage\":\"en-US\"},{\"@type\":\"Organization\",\"@id\":\"https:\\\/\\\/www.inland-saddlery.com\\\/en\\\/#organization\",\"name\":\"INLAND Saddlery\",\"alternateName\":\"INLAND Packtaschen, Packsattel & Zubeh\u00f6r\",\"url\":\"https:\\\/\\\/www.inland-saddlery.com\\\/en\\\/\",\"logo\":{\"@type\":\"ImageObject\",\"inLanguage\":\"en-US\",\"@id\":\"https:\\\/\\\/www.inland-saddlery.com\\\/en\\\/#\\\/schema\\\/logo\\\/image\\\/\",\"url\":\"https:\\\/\\\/www.inland-saddlery.com\\\/wp-content\\\/uploads\\\/2018\\\/10\\\/tablet_home.jpg\",\"contentUrl\":\"https:\\\/\\\/www.inland-saddlery.com\\\/wp-content\\\/uploads\\\/2018\\\/10\\\/tablet_home.jpg\",\"width\":768,\"height\":1024,\"caption\":\"INLAND Saddlery\"},\"image\":{\"@id\":\"https:\\\/\\\/www.inland-saddlery.com\\\/en\\\/#\\\/schema\\\/logo\\\/image\\\/\"},\"sameAs\":[\"https:\\\/\\\/www.facebook.com\\\/inlandsaddlery\",\"http:\\\/\\\/instagram.com\\\/inlandsaddlery\"]}]}<\/script>\n<!-- \/ Yoast SEO Premium plugin. -->","yoast_head_json":{"title":"Datenschutz &#8226; INLAND Saddlery","description":"Datenschutz, verantwortlich im Sinne der Datenschutzgesetzes: Daniel Suchefort, INLAND Saddlery, Ludwig-Hupfeld-Stra\u00dfe 16, 04178 Leipzig","robots":{"index":"index","follow":"follow","max-snippet":"max-snippet:-1","max-image-preview":"max-image-preview:large","max-video-preview":"max-video-preview:-1"},"canonical":"https:\/\/www.inland-saddlery.com\/en\/datenschutz\/","og_locale":"en_US","og_type":"article","og_title":"Datenschutz","og_description":"Datenschutz, verantwortlich im Sinne der Datenschutzgesetzes: Daniel Suchefort, INLAND Saddlery, Ludwig-Hupfeld-Stra\u00dfe 16, 04178 Leipzig","og_url":"https:\/\/www.inland-saddlery.com\/en\/datenschutz\/","og_site_name":"INLAND Saddlery","article_publisher":"https:\/\/www.facebook.com\/inlandsaddlery","article_modified_time":"2025-02-03T21:05:30+00:00","og_image":[{"width":768,"height":1024,"url":"https:\/\/www.inland-saddlery.com\/wp-content\/uploads\/2018\/10\/tablet_home.jpg","type":"image\/jpeg"}],"twitter_card":"summary_large_image","twitter_misc":{"Est. reading time":"7 minutes"},"schema":{"@context":"https:\/\/schema.org","@graph":[{"@type":"WebPage","@id":"https:\/\/www.inland-saddlery.com\/en\/datenschutz\/","url":"https:\/\/www.inland-saddlery.com\/en\/datenschutz\/","name":"Datenschutz &#8226; INLAND Saddlery","isPartOf":{"@id":"https:\/\/www.inland-saddlery.com\/en\/#website"},"datePublished":"2018-09-25T06:44:29+00:00","dateModified":"2025-02-03T21:05:30+00:00","description":"Datenschutz, verantwortlich im Sinne der Datenschutzgesetzes: Daniel Suchefort, INLAND Saddlery, Ludwig-Hupfeld-Stra\u00dfe 16, 04178 Leipzig","breadcrumb":{"@id":"https:\/\/www.inland-saddlery.com\/en\/datenschutz\/#breadcrumb"},"inLanguage":"en-US","potentialAction":[{"@type":"ReadAction","target":[["https:\/\/www.inland-saddlery.com\/en\/datenschutz\/"]]}]},{"@type":"BreadcrumbList","@id":"https:\/\/www.inland-saddlery.com\/en\/datenschutz\/#breadcrumb","itemListElement":[{"@type":"ListItem","position":1,"name":"Startseite","item":"https:\/\/www.inland-saddlery.com\/en\/"},{"@type":"ListItem","position":2,"name":"Datenschutz"}]},{"@type":"WebSite","@id":"https:\/\/www.inland-saddlery.com\/en\/#website","url":"https:\/\/www.inland-saddlery.com\/en\/","name":"INLAND Saddlery","description":"Trailriding \/\/ Saddle \/\/ Saddlebags \/\/ Accessoires","publisher":{"@id":"https:\/\/www.inland-saddlery.com\/en\/#organization"},"alternateName":"Sattlerei f\u00fcr Wanderreiten","potentialAction":[{"@type":"SearchAction","target":{"@type":"EntryPoint","urlTemplate":"https:\/\/www.inland-saddlery.com\/en\/?s={search_term_string}"},"query-input":{"@type":"PropertyValueSpecification","valueRequired":true,"valueName":"search_term_string"}}],"inLanguage":"en-US"},{"@type":"Organization","@id":"https:\/\/www.inland-saddlery.com\/en\/#organization","name":"INLAND Saddlery","alternateName":"INLAND Packtaschen, Packsattel & Zubeh\u00f6r","url":"https:\/\/www.inland-saddlery.com\/en\/","logo":{"@type":"ImageObject","inLanguage":"en-US","@id":"https:\/\/www.inland-saddlery.com\/en\/#\/schema\/logo\/image\/","url":"https:\/\/www.inland-saddlery.com\/wp-content\/uploads\/2018\/10\/tablet_home.jpg","contentUrl":"https:\/\/www.inland-saddlery.com\/wp-content\/uploads\/2018\/10\/tablet_home.jpg","width":768,"height":1024,"caption":"INLAND Saddlery"},"image":{"@id":"https:\/\/www.inland-saddlery.com\/en\/#\/schema\/logo\/image\/"},"sameAs":["https:\/\/www.facebook.com\/inlandsaddlery","http:\/\/instagram.com\/inlandsaddlery"]}]}},"_links":{"self":[{"href":"https:\/\/www.inland-saddlery.com\/en\/wp-json\/wp\/v2\/pages\/280","targetHints":{"allow":["GET"]}}],"collection":[{"href":"https:\/\/www.inland-saddlery.com\/en\/wp-json\/wp\/v2\/pages"}],"about":[{"href":"https:\/\/www.inland-saddlery.com\/en\/wp-json\/wp\/v2\/types\/page"}],"author":[{"embeddable":true,"href":"https:\/\/www.inland-saddlery.com\/en\/wp-json\/wp\/v2\/users\/1"}],"replies":[{"embeddable":true,"href":"https:\/\/www.inland-saddlery.com\/en\/wp-json\/wp\/v2\/comments?post=280"}],"version-history":[{"count":3,"href":"https:\/\/www.inland-saddlery.com\/en\/wp-json\/wp\/v2\/pages\/280\/revisions"}],"predecessor-version":[{"id":2154,"href":"https:\/\/www.inland-saddlery.com\/en\/wp-json\/wp\/v2\/pages\/280\/revisions\/2154"}],"wp:attachment":[{"href":"https:\/\/www.inland-saddlery.com\/en\/wp-json\/wp\/v2\/media?parent=280"}],"curies":[{"name":"wp","href":"https:\/\/api.w.org\/{rel}","templated":true}]}}