{"id":326,"date":"2018-10-12T17:42:34","date_gmt":"2018-10-12T15:42:34","guid":{"rendered":"https:\/\/www.mnmz.de\/inland\/?page_id=326"},"modified":"2020-07-09T14:41:23","modified_gmt":"2020-07-09T12:41:23","slug":"sattelpflege","status":"publish","type":"page","link":"https:\/\/www.inland-saddlery.com\/en\/sattelpflege\/","title":{"rendered":"Pflegemanual"},"content":{"rendered":"<p><\/p>\n<h1 style=\"text-align: center;\"><strong>Care Manual<\/strong><\/h1>\n<p style=\"text-align: center;\"><strong>Your saddle is part of your adventure. With the right care, you&#8217;ll have an experience for a life-time. If you have questions about saddle care or repair, feel free to contact me.<\/strong><\/p>\n<p style=\"text-align: center;\"><span style=\"color: #3c1100;\"><a style=\"color: #3c1100;\" href=\"mailto:hello@inland-saddlery.com\">hello@inland-saddlery.com<\/a><\/span><\/p>\n<p>&nbsp;<\/p>\n<p><strong>Leather<\/strong><\/p>\n<p>Leather is tough, yet supple.<br \/>\nThat&#8217;s why it resists the hardships of long rides through nature.<\/p>\n<p>Leather is impermeable and yet breathable.<br \/>\nThat&#8217;s why it withstands extreme weather and rough undergrowth.<\/p>\n<p>With sufficient care leather will become more beautiful with age.<\/p>\n<p>&nbsp;<\/p>\n<p><strong>After every ride<\/strong><\/p>\n<p>With a damp cotton cloth, you can wipe the leather after each day&#8217;s ride. That way, dirt can not set on the leather.<\/p>\n<p>&nbsp;<\/p>\n<p><strong>After long trail rides<\/strong><\/p>\n<p>Use glycerine leather-soap after great adventures. With a lightly damp sponge, you can wipe down the surface.<\/p>\n<p>&nbsp;<\/p>\n<p><strong>Once a year<\/strong><\/p>\n<p>Every autumn, use a moisturizing leather care. Clean the leather beforehand with glycerine soap from dust and sweat residue.<\/p>\n<p>The moisturizing leather care should contain amongst others lanolin, beeswax or avocado oil.<\/p>\n<p>&nbsp;<\/p>\n<p><strong>Caution<\/strong><\/p>\n<p>Please never use home remedies, body lotions or foods. They&#8217;ll destroy the leather.<\/p>\n<p>&nbsp;<\/p>\n<p><strong>Damage<\/strong><\/p>\n<p>If you notice damage to your saddle please contact me early . Together we can prevent bigger problems on long rides.<\/p>\n<p>Check out our <a href=\"https:\/\/www.inland-saddlery.com\/en\/shop\/\">Shop<\/a>, or follow us at <a href=\"https:\/\/www.instagram.com\/inlandsaddlery\">Instagram<\/a> or <a href=\"https:\/\/www.facebook.com\/inlandsaddlery\/\">Facebook.<\/a><\/p>","protected":false},"excerpt":{"rendered":"<p>Care Manual Your saddle is part of your adventure. With the right care, you&#8217;ll have an experience for a life-time. If you have questions about saddle care or repair, feel free to contact me. hello@inland-saddlery.com &nbsp; Leather Leather is tough, yet supple. That&#8217;s why it resists the hardships of long rides through nature. Leather is [&hellip;]<\/p>\n","protected":false},"author":1,"featured_media":0,"parent":0,"menu_order":0,"comment_status":"closed","ping_status":"closed","template":"","meta":{"_acf_changed":false,"footnotes":""},"class_list":["post-326","page","type-page","status-publish","hentry"],"acf":[],"yoast_head":"<!-- This site is optimized with the Yoast SEO Premium plugin v24.2 (Yoast SEO v27.5) - https:\/\/yoast.com\/product\/yoast-seo-premium-wordpress\/ -->\n<title>Sattelpflege | Pflegeanleitung Wanderreitsattel | INLAND Saddlery<\/title>\n<meta name=\"description\" content=\"Dein Sattel ist Teil Deines Weges. Ihn richtig zu pflegen, ist die Voraussetzung f\u00fcr langj\u00e4hrige Ritte mit ihm. Hier erh\u00e4ltst Du Wissen zur Sattelpflege.\" \/>\n<meta name=\"robots\" content=\"index, follow, max-snippet:-1, max-image-preview:large, max-video-preview:-1\" \/>\n<link rel=\"canonical\" href=\"https:\/\/www.inland-saddlery.com\/en\/sattelpflege\/\" \/>\n<meta property=\"og:locale\" content=\"en_US\" \/>\n<meta property=\"og:type\" content=\"article\" \/>\n<meta property=\"og:title\" content=\"Pflegemanual\" \/>\n<meta property=\"og:description\" content=\"Dein Sattel ist Teil Deines Weges. Ihn richtig zu pflegen, ist die Voraussetzung f\u00fcr langj\u00e4hrige Ritte mit ihm. Hier erh\u00e4ltst Du Wissen zur Sattelpflege.\" \/>\n<meta property=\"og:url\" content=\"https:\/\/www.inland-saddlery.com\/en\/sattelpflege\/\" \/>\n<meta property=\"og:site_name\" content=\"INLAND Saddlery\" \/>\n<meta property=\"article:publisher\" content=\"https:\/\/www.facebook.com\/inlandsaddlery\" \/>\n<meta property=\"article:modified_time\" content=\"2020-07-09T12:41:23+00:00\" \/>\n<meta property=\"og:image\" content=\"https:\/\/www.inland-saddlery.com\/wp-content\/uploads\/2018\/10\/tablet_home.jpg\" \/>\n\t<meta property=\"og:image:width\" content=\"768\" \/>\n\t<meta property=\"og:image:height\" content=\"1024\" \/>\n\t<meta property=\"og:image:type\" content=\"image\/jpeg\" \/>\n<meta name=\"twitter:card\" content=\"summary_large_image\" \/>\n<meta name=\"twitter:label1\" content=\"Est. reading time\" \/>\n\t<meta name=\"twitter:data1\" content=\"2 minutes\" \/>\n<script type=\"application\/ld+json\" class=\"yoast-schema-graph\">{\"@context\":\"https:\\\/\\\/schema.org\",\"@graph\":[{\"@type\":\"WebPage\",\"@id\":\"https:\\\/\\\/www.inland-saddlery.com\\\/en\\\/sattelpflege\\\/\",\"url\":\"https:\\\/\\\/www.inland-saddlery.com\\\/en\\\/sattelpflege\\\/\",\"name\":\"Sattelpflege | Pflegeanleitung Wanderreitsattel | INLAND Saddlery\",\"isPartOf\":{\"@id\":\"https:\\\/\\\/www.inland-saddlery.com\\\/en\\\/#website\"},\"datePublished\":\"2018-10-12T15:42:34+00:00\",\"dateModified\":\"2020-07-09T12:41:23+00:00\",\"description\":\"Dein Sattel ist Teil Deines Weges. Ihn richtig zu pflegen, ist die Voraussetzung f\u00fcr langj\u00e4hrige Ritte mit ihm. Hier erh\u00e4ltst Du Wissen zur Sattelpflege.\",\"breadcrumb\":{\"@id\":\"https:\\\/\\\/www.inland-saddlery.com\\\/en\\\/sattelpflege\\\/#breadcrumb\"},\"inLanguage\":\"en-US\",\"potentialAction\":[{\"@type\":\"ReadAction\",\"target\":[[\"https:\\\/\\\/www.inland-saddlery.com\\\/en\\\/sattelpflege\\\/\"]]}]},{\"@type\":\"BreadcrumbList\",\"@id\":\"https:\\\/\\\/www.inland-saddlery.com\\\/en\\\/sattelpflege\\\/#breadcrumb\",\"itemListElement\":[{\"@type\":\"ListItem\",\"position\":1,\"name\":\"Startseite\",\"item\":\"https:\\\/\\\/www.inland-saddlery.com\\\/en\\\/\"},{\"@type\":\"ListItem\",\"position\":2,\"name\":\"Pflegeanleitung\"}]},{\"@type\":\"WebSite\",\"@id\":\"https:\\\/\\\/www.inland-saddlery.com\\\/en\\\/#website\",\"url\":\"https:\\\/\\\/www.inland-saddlery.com\\\/en\\\/\",\"name\":\"INLAND Saddlery\",\"description\":\"Trailriding \\\/\\\/ Saddle \\\/\\\/ Saddlebags \\\/\\\/ Accessoires\",\"publisher\":{\"@id\":\"https:\\\/\\\/www.inland-saddlery.com\\\/en\\\/#organization\"},\"alternateName\":\"Sattlerei f\u00fcr Wanderreiten\",\"potentialAction\":[{\"@type\":\"SearchAction\",\"target\":{\"@type\":\"EntryPoint\",\"urlTemplate\":\"https:\\\/\\\/www.inland-saddlery.com\\\/en\\\/?s={search_term_string}\"},\"query-input\":{\"@type\":\"PropertyValueSpecification\",\"valueRequired\":true,\"valueName\":\"search_term_string\"}}],\"inLanguage\":\"en-US\"},{\"@type\":\"Organization\",\"@id\":\"https:\\\/\\\/www.inland-saddlery.com\\\/en\\\/#organization\",\"name\":\"INLAND Saddlery\",\"alternateName\":\"INLAND Packtaschen, Packsattel & Zubeh\u00f6r\",\"url\":\"https:\\\/\\\/www.inland-saddlery.com\\\/en\\\/\",\"logo\":{\"@type\":\"ImageObject\",\"inLanguage\":\"en-US\",\"@id\":\"https:\\\/\\\/www.inland-saddlery.com\\\/en\\\/#\\\/schema\\\/logo\\\/image\\\/\",\"url\":\"https:\\\/\\\/www.inland-saddlery.com\\\/wp-content\\\/uploads\\\/2018\\\/10\\\/tablet_home.jpg\",\"contentUrl\":\"https:\\\/\\\/www.inland-saddlery.com\\\/wp-content\\\/uploads\\\/2018\\\/10\\\/tablet_home.jpg\",\"width\":768,\"height\":1024,\"caption\":\"INLAND Saddlery\"},\"image\":{\"@id\":\"https:\\\/\\\/www.inland-saddlery.com\\\/en\\\/#\\\/schema\\\/logo\\\/image\\\/\"},\"sameAs\":[\"https:\\\/\\\/www.facebook.com\\\/inlandsaddlery\",\"http:\\\/\\\/instagram.com\\\/inlandsaddlery\"]}]}<\/script>\n<!-- \/ Yoast SEO Premium plugin. -->","yoast_head_json":{"title":"Sattelpflege | Pflegeanleitung Wanderreitsattel | INLAND Saddlery","description":"Dein Sattel ist Teil Deines Weges. Ihn richtig zu pflegen, ist die Voraussetzung f\u00fcr langj\u00e4hrige Ritte mit ihm. Hier erh\u00e4ltst Du Wissen zur Sattelpflege.","robots":{"index":"index","follow":"follow","max-snippet":"max-snippet:-1","max-image-preview":"max-image-preview:large","max-video-preview":"max-video-preview:-1"},"canonical":"https:\/\/www.inland-saddlery.com\/en\/sattelpflege\/","og_locale":"en_US","og_type":"article","og_title":"Pflegemanual","og_description":"Dein Sattel ist Teil Deines Weges. Ihn richtig zu pflegen, ist die Voraussetzung f\u00fcr langj\u00e4hrige Ritte mit ihm. Hier erh\u00e4ltst Du Wissen zur Sattelpflege.","og_url":"https:\/\/www.inland-saddlery.com\/en\/sattelpflege\/","og_site_name":"INLAND Saddlery","article_publisher":"https:\/\/www.facebook.com\/inlandsaddlery","article_modified_time":"2020-07-09T12:41:23+00:00","og_image":[{"width":768,"height":1024,"url":"https:\/\/www.inland-saddlery.com\/wp-content\/uploads\/2018\/10\/tablet_home.jpg","type":"image\/jpeg"}],"twitter_card":"summary_large_image","twitter_misc":{"Est. reading time":"2 minutes"},"schema":{"@context":"https:\/\/schema.org","@graph":[{"@type":"WebPage","@id":"https:\/\/www.inland-saddlery.com\/en\/sattelpflege\/","url":"https:\/\/www.inland-saddlery.com\/en\/sattelpflege\/","name":"Sattelpflege | Pflegeanleitung Wanderreitsattel | INLAND Saddlery","isPartOf":{"@id":"https:\/\/www.inland-saddlery.com\/en\/#website"},"datePublished":"2018-10-12T15:42:34+00:00","dateModified":"2020-07-09T12:41:23+00:00","description":"Dein Sattel ist Teil Deines Weges. Ihn richtig zu pflegen, ist die Voraussetzung f\u00fcr langj\u00e4hrige Ritte mit ihm. Hier erh\u00e4ltst Du Wissen zur Sattelpflege.","breadcrumb":{"@id":"https:\/\/www.inland-saddlery.com\/en\/sattelpflege\/#breadcrumb"},"inLanguage":"en-US","potentialAction":[{"@type":"ReadAction","target":[["https:\/\/www.inland-saddlery.com\/en\/sattelpflege\/"]]}]},{"@type":"BreadcrumbList","@id":"https:\/\/www.inland-saddlery.com\/en\/sattelpflege\/#breadcrumb","itemListElement":[{"@type":"ListItem","position":1,"name":"Startseite","item":"https:\/\/www.inland-saddlery.com\/en\/"},{"@type":"ListItem","position":2,"name":"Pflegeanleitung"}]},{"@type":"WebSite","@id":"https:\/\/www.inland-saddlery.com\/en\/#website","url":"https:\/\/www.inland-saddlery.com\/en\/","name":"INLAND Saddlery","description":"Trailriding \/\/ Saddle \/\/ Saddlebags \/\/ Accessoires","publisher":{"@id":"https:\/\/www.inland-saddlery.com\/en\/#organization"},"alternateName":"Sattlerei f\u00fcr Wanderreiten","potentialAction":[{"@type":"SearchAction","target":{"@type":"EntryPoint","urlTemplate":"https:\/\/www.inland-saddlery.com\/en\/?s={search_term_string}"},"query-input":{"@type":"PropertyValueSpecification","valueRequired":true,"valueName":"search_term_string"}}],"inLanguage":"en-US"},{"@type":"Organization","@id":"https:\/\/www.inland-saddlery.com\/en\/#organization","name":"INLAND Saddlery","alternateName":"INLAND Packtaschen, Packsattel & Zubeh\u00f6r","url":"https:\/\/www.inland-saddlery.com\/en\/","logo":{"@type":"ImageObject","inLanguage":"en-US","@id":"https:\/\/www.inland-saddlery.com\/en\/#\/schema\/logo\/image\/","url":"https:\/\/www.inland-saddlery.com\/wp-content\/uploads\/2018\/10\/tablet_home.jpg","contentUrl":"https:\/\/www.inland-saddlery.com\/wp-content\/uploads\/2018\/10\/tablet_home.jpg","width":768,"height":1024,"caption":"INLAND Saddlery"},"image":{"@id":"https:\/\/www.inland-saddlery.com\/en\/#\/schema\/logo\/image\/"},"sameAs":["https:\/\/www.facebook.com\/inlandsaddlery","http:\/\/instagram.com\/inlandsaddlery"]}]}},"_links":{"self":[{"href":"https:\/\/www.inland-saddlery.com\/en\/wp-json\/wp\/v2\/pages\/326","targetHints":{"allow":["GET"]}}],"collection":[{"href":"https:\/\/www.inland-saddlery.com\/en\/wp-json\/wp\/v2\/pages"}],"about":[{"href":"https:\/\/www.inland-saddlery.com\/en\/wp-json\/wp\/v2\/types\/page"}],"author":[{"embeddable":true,"href":"https:\/\/www.inland-saddlery.com\/en\/wp-json\/wp\/v2\/users\/1"}],"replies":[{"embeddable":true,"href":"https:\/\/www.inland-saddlery.com\/en\/wp-json\/wp\/v2\/comments?post=326"}],"version-history":[{"count":4,"href":"https:\/\/www.inland-saddlery.com\/en\/wp-json\/wp\/v2\/pages\/326\/revisions"}],"predecessor-version":[{"id":1546,"href":"https:\/\/www.inland-saddlery.com\/en\/wp-json\/wp\/v2\/pages\/326\/revisions\/1546"}],"wp:attachment":[{"href":"https:\/\/www.inland-saddlery.com\/en\/wp-json\/wp\/v2\/media?parent=326"}],"curies":[{"name":"wp","href":"https:\/\/api.w.org\/{rel}","templated":true}]}}