{"id":915,"date":"2020-05-08T18:20:42","date_gmt":"2020-05-08T16:20:42","guid":{"rendered":"https:\/\/clients.mariodorsch.dev\/zitronengrau\/inlandsaddlery\/?page_id=915"},"modified":"2024-02-11T20:28:57","modified_gmt":"2024-02-11T19:28:57","slug":"shop","status":"publish","type":"page","link":"https:\/\/www.inland-saddlery.com\/en\/shop\/","title":{"rendered":"Shop"},"content":{"rendered":"\r\n<div class=\"wp-block-columns is-layout-flex wp-container-core-columns-is-layout-9d6595d7 wp-block-columns-is-layout-flex\">\r\n<div class=\"wp-block-column is-layout-flow wp-block-column-is-layout-flow\">\u00a0<\/div>\r\n\r\n\r\n\r\n<div class=\"wp-block-column is-layout-flow wp-block-column-is-layout-flow\">\u00a0<\/div>\r\n<\/div>\r\n","protected":false},"excerpt":{"rendered":"<p>\u00a0 \u00a0<\/p>\n","protected":false},"author":1,"featured_media":0,"parent":0,"menu_order":0,"comment_status":"closed","ping_status":"closed","template":"catalog-overview.php","meta":{"_acf_changed":false,"footnotes":""},"class_list":["post-915","page","type-page","status-publish","hentry"],"acf":[],"yoast_head":"<!-- This site is optimized with the Yoast SEO Premium plugin v24.2 (Yoast SEO v27.4) - https:\/\/yoast.com\/product\/yoast-seo-premium-wordpress\/ -->\n<title>Shop \/\/ Wanderreiten \/\/ INLAND Saddlery - handmade in germany<\/title>\n<meta name=\"description\" content=\"Hier im Shop kannst du alle INLAND Saddlery Produkte f\u00fcr Dich entdecken. Ob zu Pferd, f\u00fcr die Werkstatt oder den Alltag in der Stadt.\" \/>\n<meta name=\"robots\" content=\"index, follow, max-snippet:-1, max-image-preview:large, max-video-preview:-1\" \/>\n<link rel=\"canonical\" href=\"https:\/\/www.inland-saddlery.com\/en\/shop\/\" \/>\n<meta property=\"og:locale\" content=\"en_US\" \/>\n<meta property=\"og:type\" content=\"article\" \/>\n<meta property=\"og:title\" content=\"INLAND Saddlery Online Shop\" \/>\n<meta property=\"og:description\" content=\"Hier im Shop kannst du alle INLAND Saddlery Produkte f\u00fcr Dich entdecken. Ob zu Pferd, f\u00fcr die Werkstatt oder den Alltag in der Stadt, g\u00f6nn Dir die Freiheit Du selbst zu sein. F\u00fcr alle Produkte gilt, dass sie in Handarbeit und ohne Kunststoff gefertigt werden.\" \/>\n<meta property=\"og:url\" content=\"https:\/\/www.inland-saddlery.com\/en\/shop\/\" \/>\n<meta property=\"og:site_name\" content=\"INLAND Saddlery\" \/>\n<meta property=\"article:publisher\" content=\"https:\/\/www.facebook.com\/inlandsaddlery\" \/>\n<meta property=\"article:modified_time\" content=\"2024-02-11T19:28:57+00:00\" \/>\n<meta property=\"og:image\" content=\"https:\/\/www.inland-saddlery.com\/wp-content\/uploads\/2019\/10\/191010_Inland_Sattel_Header_v1.jpg\" \/>\n\t<meta property=\"og:image:width\" content=\"1920\" \/>\n\t<meta property=\"og:image:height\" content=\"1080\" \/>\n\t<meta property=\"og:image:type\" content=\"image\/jpeg\" \/>\n<meta name=\"twitter:card\" content=\"summary_large_image\" \/>\n<meta name=\"twitter:title\" content=\"Shop\" \/>\n<script type=\"application\/ld+json\" class=\"yoast-schema-graph\">{\"@context\":\"https:\\\/\\\/schema.org\",\"@graph\":[{\"@type\":\"WebPage\",\"@id\":\"https:\\\/\\\/www.inland-saddlery.com\\\/en\\\/shop\\\/\",\"url\":\"https:\\\/\\\/www.inland-saddlery.com\\\/en\\\/shop\\\/\",\"name\":\"Shop \\\/\\\/ Wanderreiten \\\/\\\/ INLAND Saddlery - handmade in germany\",\"isPartOf\":{\"@id\":\"https:\\\/\\\/www.inland-saddlery.com\\\/en\\\/#website\"},\"datePublished\":\"2020-05-08T16:20:42+00:00\",\"dateModified\":\"2024-02-11T19:28:57+00:00\",\"description\":\"Hier im Shop kannst du alle INLAND Saddlery Produkte f\u00fcr Dich entdecken. Ob zu Pferd, f\u00fcr die Werkstatt oder den Alltag in der Stadt.\",\"breadcrumb\":{\"@id\":\"https:\\\/\\\/www.inland-saddlery.com\\\/en\\\/shop\\\/#breadcrumb\"},\"inLanguage\":\"en-US\",\"potentialAction\":[{\"@type\":\"ReadAction\",\"target\":[[\"https:\\\/\\\/www.inland-saddlery.com\\\/en\\\/shop\\\/\"]]}]},{\"@type\":\"BreadcrumbList\",\"@id\":\"https:\\\/\\\/www.inland-saddlery.com\\\/en\\\/shop\\\/#breadcrumb\",\"itemListElement\":[{\"@type\":\"ListItem\",\"position\":1,\"name\":\"Startseite\",\"item\":\"https:\\\/\\\/www.inland-saddlery.com\\\/en\\\/\"},{\"@type\":\"ListItem\",\"position\":2,\"name\":\"Shop\"}]},{\"@type\":\"WebSite\",\"@id\":\"https:\\\/\\\/www.inland-saddlery.com\\\/en\\\/#website\",\"url\":\"https:\\\/\\\/www.inland-saddlery.com\\\/en\\\/\",\"name\":\"INLAND Saddlery\",\"description\":\"Trailriding \\\/\\\/ Saddle \\\/\\\/ Saddlebags \\\/\\\/ Accessoires\",\"publisher\":{\"@id\":\"https:\\\/\\\/www.inland-saddlery.com\\\/en\\\/#organization\"},\"alternateName\":\"Sattlerei f\u00fcr Wanderreiten\",\"potentialAction\":[{\"@type\":\"SearchAction\",\"target\":{\"@type\":\"EntryPoint\",\"urlTemplate\":\"https:\\\/\\\/www.inland-saddlery.com\\\/en\\\/?s={search_term_string}\"},\"query-input\":{\"@type\":\"PropertyValueSpecification\",\"valueRequired\":true,\"valueName\":\"search_term_string\"}}],\"inLanguage\":\"en-US\"},{\"@type\":\"Organization\",\"@id\":\"https:\\\/\\\/www.inland-saddlery.com\\\/en\\\/#organization\",\"name\":\"INLAND Saddlery\",\"alternateName\":\"INLAND Packtaschen, Packsattel & Zubeh\u00f6r\",\"url\":\"https:\\\/\\\/www.inland-saddlery.com\\\/en\\\/\",\"logo\":{\"@type\":\"ImageObject\",\"inLanguage\":\"en-US\",\"@id\":\"https:\\\/\\\/www.inland-saddlery.com\\\/en\\\/#\\\/schema\\\/logo\\\/image\\\/\",\"url\":\"https:\\\/\\\/www.inland-saddlery.com\\\/wp-content\\\/uploads\\\/2018\\\/10\\\/tablet_home.jpg\",\"contentUrl\":\"https:\\\/\\\/www.inland-saddlery.com\\\/wp-content\\\/uploads\\\/2018\\\/10\\\/tablet_home.jpg\",\"width\":768,\"height\":1024,\"caption\":\"INLAND Saddlery\"},\"image\":{\"@id\":\"https:\\\/\\\/www.inland-saddlery.com\\\/en\\\/#\\\/schema\\\/logo\\\/image\\\/\"},\"sameAs\":[\"https:\\\/\\\/www.facebook.com\\\/inlandsaddlery\",\"http:\\\/\\\/instagram.com\\\/inlandsaddlery\"]}]}<\/script>\n<!-- \/ Yoast SEO Premium plugin. -->","yoast_head_json":{"title":"Shop \/\/ Wanderreiten \/\/ INLAND Saddlery - handmade in germany","description":"Hier im Shop kannst du alle INLAND Saddlery Produkte f\u00fcr Dich entdecken. Ob zu Pferd, f\u00fcr die Werkstatt oder den Alltag in der Stadt.","robots":{"index":"index","follow":"follow","max-snippet":"max-snippet:-1","max-image-preview":"max-image-preview:large","max-video-preview":"max-video-preview:-1"},"canonical":"https:\/\/www.inland-saddlery.com\/en\/shop\/","og_locale":"en_US","og_type":"article","og_title":"INLAND Saddlery Online Shop","og_description":"Hier im Shop kannst du alle INLAND Saddlery Produkte f\u00fcr Dich entdecken. Ob zu Pferd, f\u00fcr die Werkstatt oder den Alltag in der Stadt, g\u00f6nn Dir die Freiheit Du selbst zu sein. F\u00fcr alle Produkte gilt, dass sie in Handarbeit und ohne Kunststoff gefertigt werden.","og_url":"https:\/\/www.inland-saddlery.com\/en\/shop\/","og_site_name":"INLAND Saddlery","article_publisher":"https:\/\/www.facebook.com\/inlandsaddlery","article_modified_time":"2024-02-11T19:28:57+00:00","og_image":[{"width":1920,"height":1080,"url":"https:\/\/www.inland-saddlery.com\/wp-content\/uploads\/2019\/10\/191010_Inland_Sattel_Header_v1.jpg","type":"image\/jpeg"}],"twitter_card":"summary_large_image","twitter_title":"Shop","schema":{"@context":"https:\/\/schema.org","@graph":[{"@type":"WebPage","@id":"https:\/\/www.inland-saddlery.com\/en\/shop\/","url":"https:\/\/www.inland-saddlery.com\/en\/shop\/","name":"Shop \/\/ Wanderreiten \/\/ INLAND Saddlery - handmade in germany","isPartOf":{"@id":"https:\/\/www.inland-saddlery.com\/en\/#website"},"datePublished":"2020-05-08T16:20:42+00:00","dateModified":"2024-02-11T19:28:57+00:00","description":"Hier im Shop kannst du alle INLAND Saddlery Produkte f\u00fcr Dich entdecken. Ob zu Pferd, f\u00fcr die Werkstatt oder den Alltag in der Stadt.","breadcrumb":{"@id":"https:\/\/www.inland-saddlery.com\/en\/shop\/#breadcrumb"},"inLanguage":"en-US","potentialAction":[{"@type":"ReadAction","target":[["https:\/\/www.inland-saddlery.com\/en\/shop\/"]]}]},{"@type":"BreadcrumbList","@id":"https:\/\/www.inland-saddlery.com\/en\/shop\/#breadcrumb","itemListElement":[{"@type":"ListItem","position":1,"name":"Startseite","item":"https:\/\/www.inland-saddlery.com\/en\/"},{"@type":"ListItem","position":2,"name":"Shop"}]},{"@type":"WebSite","@id":"https:\/\/www.inland-saddlery.com\/en\/#website","url":"https:\/\/www.inland-saddlery.com\/en\/","name":"INLAND Saddlery","description":"Trailriding \/\/ Saddle \/\/ Saddlebags \/\/ Accessoires","publisher":{"@id":"https:\/\/www.inland-saddlery.com\/en\/#organization"},"alternateName":"Sattlerei f\u00fcr Wanderreiten","potentialAction":[{"@type":"SearchAction","target":{"@type":"EntryPoint","urlTemplate":"https:\/\/www.inland-saddlery.com\/en\/?s={search_term_string}"},"query-input":{"@type":"PropertyValueSpecification","valueRequired":true,"valueName":"search_term_string"}}],"inLanguage":"en-US"},{"@type":"Organization","@id":"https:\/\/www.inland-saddlery.com\/en\/#organization","name":"INLAND Saddlery","alternateName":"INLAND Packtaschen, Packsattel & Zubeh\u00f6r","url":"https:\/\/www.inland-saddlery.com\/en\/","logo":{"@type":"ImageObject","inLanguage":"en-US","@id":"https:\/\/www.inland-saddlery.com\/en\/#\/schema\/logo\/image\/","url":"https:\/\/www.inland-saddlery.com\/wp-content\/uploads\/2018\/10\/tablet_home.jpg","contentUrl":"https:\/\/www.inland-saddlery.com\/wp-content\/uploads\/2018\/10\/tablet_home.jpg","width":768,"height":1024,"caption":"INLAND Saddlery"},"image":{"@id":"https:\/\/www.inland-saddlery.com\/en\/#\/schema\/logo\/image\/"},"sameAs":["https:\/\/www.facebook.com\/inlandsaddlery","http:\/\/instagram.com\/inlandsaddlery"]}]}},"_links":{"self":[{"href":"https:\/\/www.inland-saddlery.com\/en\/wp-json\/wp\/v2\/pages\/915","targetHints":{"allow":["GET"]}}],"collection":[{"href":"https:\/\/www.inland-saddlery.com\/en\/wp-json\/wp\/v2\/pages"}],"about":[{"href":"https:\/\/www.inland-saddlery.com\/en\/wp-json\/wp\/v2\/types\/page"}],"author":[{"embeddable":true,"href":"https:\/\/www.inland-saddlery.com\/en\/wp-json\/wp\/v2\/users\/1"}],"replies":[{"embeddable":true,"href":"https:\/\/www.inland-saddlery.com\/en\/wp-json\/wp\/v2\/comments?post=915"}],"version-history":[{"count":24,"href":"https:\/\/www.inland-saddlery.com\/en\/wp-json\/wp\/v2\/pages\/915\/revisions"}],"predecessor-version":[{"id":2068,"href":"https:\/\/www.inland-saddlery.com\/en\/wp-json\/wp\/v2\/pages\/915\/revisions\/2068"}],"wp:attachment":[{"href":"https:\/\/www.inland-saddlery.com\/en\/wp-json\/wp\/v2\/media?parent=915"}],"curies":[{"name":"wp","href":"https:\/\/api.w.org\/{rel}","templated":true}]}}